{"id":4178,"date":"2026-03-21T19:00:56","date_gmt":"2026-03-21T19:00:56","guid":{"rendered":"https:\/\/clients.josuematosphotographer.com\/?page_id=4178"},"modified":"2026-03-21T22:17:34","modified_gmt":"2026-03-21T22:17:34","slug":"elementor-4178","status":"publish","type":"page","link":"https:\/\/clients.josuematosphotographer.com\/","title":{"rendered":"Elementor #4178"},"content":{"rendered":"\t\t<div data-elementor-type=\"wp-post\" data-elementor-id=\"4178\" class=\"elementor elementor-4178\">\n\t\t\t\t<div class=\"elementor-element elementor-element-227b7a26 e-flex e-con-boxed e-con e-parent\" data-id=\"227b7a26\" data-element_type=\"container\" data-settings=\"{&quot;background_background&quot;:&quot;classic&quot;}\">\n\t\t\t\t\t<div class=\"e-con-inner\">\n\t\t<div class=\"elementor-element elementor-element-3e52c7cf e-flex e-con-boxed e-con e-child\" data-id=\"3e52c7cf\" data-element_type=\"container\">\n\t\t\t\t\t<div class=\"e-con-inner\">\n\t\t\t\t<div class=\"elementor-element elementor-element-5a0b51d4 animated-slow elementor-invisible elementor-widget elementor-widget-heading\" data-id=\"5a0b51d4\" data-element_type=\"widget\" data-settings=\"{&quot;_animation&quot;:&quot;slideInUp&quot;}\" data-widget_type=\"heading.default\">\n\t\t\t\t\t<h2 class=\"elementor-heading-title elementor-size-default\">Josue matos<\/h2>\t\t\t\t<\/div>\n\t\t\t\t<div class=\"elementor-element elementor-element-703f8068 animated-slow elementor-invisible elementor-widget elementor-widget-heading\" data-id=\"703f8068\" data-element_type=\"widget\" data-settings=\"{&quot;_animation&quot;:&quot;slideInUp&quot;}\" data-widget_type=\"heading.default\">\n\t\t\t\t\t<h2 class=\"elementor-heading-title elementor-size-default\">PHOTOGRAPHER<\/h2>\t\t\t\t<\/div>\n\t\t\t\t\t<\/div>\n\t\t\t\t<\/div>\n\t\t<div class=\"elementor-element elementor-element-249a7c9a e-con-full e-flex e-con e-child\" data-id=\"249a7c9a\" data-element_type=\"container\">\n\t\t<div class=\"elementor-element elementor-element-1d62b760 e-con-full e-flex e-con e-child\" data-id=\"1d62b760\" data-element_type=\"container\" data-settings=\"{&quot;background_background&quot;:&quot;classic&quot;,&quot;shape_divider_top&quot;:&quot;mountains&quot;}\">\n\t\t\t\t<div class=\"elementor-shape elementor-shape-top\" aria-hidden=\"true\" data-negative=\"false\">\n\t\t\t<svg xmlns=\"http:\/\/www.w3.org\/2000\/svg\" viewBox=\"0 0 1000 100\" preserveAspectRatio=\"none\">\n\t<path class=\"elementor-shape-fill\" opacity=\"0.33\" d=\"M473,67.3c-203.9,88.3-263.1-34-320.3,0C66,119.1,0,59.7,0,59.7V0h1000v59.7 c0,0-62.1,26.1-94.9,29.3c-32.8,3.3-62.8-12.3-75.8-22.1C806,49.6,745.3,8.7,694.9,4.7S492.4,59,473,67.3z\"\/>\n\t<path class=\"elementor-shape-fill\" opacity=\"0.66\" d=\"M734,67.3c-45.5,0-77.2-23.2-129.1-39.1c-28.6-8.7-150.3-10.1-254,39.1 s-91.7-34.4-149.2,0C115.7,118.3,0,39.8,0,39.8V0h1000v36.5c0,0-28.2-18.5-92.1-18.5C810.2,18.1,775.7,67.3,734,67.3z\"\/>\n\t<path class=\"elementor-shape-fill\" d=\"M766.1,28.9c-200-57.5-266,65.5-395.1,19.5C242,1.8,242,5.4,184.8,20.6C128,35.8,132.3,44.9,89.9,52.5C28.6,63.7,0,0,0,0 h1000c0,0-9.9,40.9-83.6,48.1S829.6,47,766.1,28.9z\"\/>\n<\/svg>\t\t<\/div>\n\t\t\t\t<div class=\"elementor-element elementor-element-1aef87f3 elementor-widget elementor-widget-heading\" data-id=\"1aef87f3\" data-element_type=\"widget\" data-widget_type=\"heading.default\">\n\t\t\t\t\t<h3 class=\"elementor-heading-title elementor-size-default\">Quincea\u00f1eras<\/h3>\t\t\t\t<\/div>\n\t\t\t\t<div class=\"elementor-element elementor-element-59c172a elementor-position-top elementor-widget elementor-widget-image-box\" data-id=\"59c172a\" data-element_type=\"widget\" data-widget_type=\"image-box.default\">\n\t\t\t\t\t<div class=\"elementor-image-box-wrapper\"><figure class=\"elementor-image-box-img\"><img fetchpriority=\"high\" decoding=\"async\" width=\"1600\" height=\"1067\" src=\"https:\/\/clients.josuematosphotographer.com\/wp-content\/uploads\/2026\/03\/fotografo-quince-aguada-josue-matos.jpg\" class=\"attachment-full size-full wp-image-4203\" alt=\"Fotografia profesional de quincea\u00f1eras en Aguada, Puerto Rico, capturada por Josue Matos Photographer\" srcset=\"https:\/\/clients.josuematosphotographer.com\/wp-content\/uploads\/2026\/03\/fotografo-quince-aguada-josue-matos.jpg 1600w, https:\/\/clients.josuematosphotographer.com\/wp-content\/uploads\/2026\/03\/fotografo-quince-aguada-josue-matos-300x200.jpg 300w, https:\/\/clients.josuematosphotographer.com\/wp-content\/uploads\/2026\/03\/fotografo-quince-aguada-josue-matos-1024x683.jpg 1024w, https:\/\/clients.josuematosphotographer.com\/wp-content\/uploads\/2026\/03\/fotografo-quince-aguada-josue-matos-768x512.jpg 768w, https:\/\/clients.josuematosphotographer.com\/wp-content\/uploads\/2026\/03\/fotografo-quince-aguada-josue-matos-1536x1024.jpg 1536w, https:\/\/clients.josuematosphotographer.com\/wp-content\/uploads\/2026\/03\/fotografo-quince-aguada-josue-matos-400x267.jpg 400w, https:\/\/clients.josuematosphotographer.com\/wp-content\/uploads\/2026\/03\/fotografo-quince-aguada-josue-matos-1200x800.jpg 1200w\" sizes=\"(max-width: 1600px) 100vw, 1600px\" \/><\/figure><div class=\"elementor-image-box-content\"><p class=\"elementor-image-box-description\">La vida florece y los sue\u00f1os crecen. Inmortalizamos la magia de la juventud y la alegr\u00eda de celebrar un camino lleno de ilusiones, transformando cada detalle de este gran d\u00eda en un recuerdo que durar\u00e1 para siempre.<\/p><\/div><\/div>\t\t\t\t<\/div>\n\t\t\t\t<\/div>\n\t\t<div class=\"elementor-element elementor-element-d39c9e7 e-con-full e-flex e-con e-child\" data-id=\"d39c9e7\" data-element_type=\"container\">\n\t\t\t\t<div class=\"elementor-element elementor-element-7361ecdf elementor-widget elementor-widget-heading\" data-id=\"7361ecdf\" data-element_type=\"widget\" data-widget_type=\"heading.default\">\n\t\t\t\t\t<h3 class=\"elementor-heading-title elementor-size-default\">Bodas <\/h3>\t\t\t\t<\/div>\n\t\t\t\t<div class=\"elementor-element elementor-element-3e4dc2c8 elementor-position-top elementor-widget elementor-widget-image-box\" data-id=\"3e4dc2c8\" data-element_type=\"widget\" data-widget_type=\"image-box.default\">\n\t\t\t\t\t<div class=\"elementor-image-box-wrapper\"><figure class=\"elementor-image-box-img\"><img decoding=\"async\" width=\"1600\" height=\"1067\" src=\"https:\/\/clients.josuematosphotographer.com\/wp-content\/uploads\/2026\/03\/fotografo-boda-playa-aguada-josue-matos.jpg\" class=\"attachment-full size-full wp-image-4201\" alt=\"Fotografia profesional de bodas en Aguada, Puerto Rico, capturada por Josue Matos Photographer\" srcset=\"https:\/\/clients.josuematosphotographer.com\/wp-content\/uploads\/2026\/03\/fotografo-boda-playa-aguada-josue-matos.jpg 1600w, https:\/\/clients.josuematosphotographer.com\/wp-content\/uploads\/2026\/03\/fotografo-boda-playa-aguada-josue-matos-300x200.jpg 300w, https:\/\/clients.josuematosphotographer.com\/wp-content\/uploads\/2026\/03\/fotografo-boda-playa-aguada-josue-matos-1024x683.jpg 1024w, https:\/\/clients.josuematosphotographer.com\/wp-content\/uploads\/2026\/03\/fotografo-boda-playa-aguada-josue-matos-768x512.jpg 768w, https:\/\/clients.josuematosphotographer.com\/wp-content\/uploads\/2026\/03\/fotografo-boda-playa-aguada-josue-matos-1536x1024.jpg 1536w, https:\/\/clients.josuematosphotographer.com\/wp-content\/uploads\/2026\/03\/fotografo-boda-playa-aguada-josue-matos-400x267.jpg 400w, https:\/\/clients.josuematosphotographer.com\/wp-content\/uploads\/2026\/03\/fotografo-boda-playa-aguada-josue-matos-1200x800.jpg 1200w\" sizes=\"(max-width: 1600px) 100vw, 1600px\" \/><\/figure><div class=\"elementor-image-box-content\"><p class=\"elementor-image-box-description\">Documentamos el d\u00eda en que dos historias se unen para formar una nueva, narrando cada suspiro y cada sonrisa que marca el inicio de su aventura m\u00e1s grande.<\/p><\/div><\/div>\t\t\t\t<\/div>\n\t\t\t\t<\/div>\n\t\t<div class=\"elementor-element elementor-element-73df3200 e-con-full e-flex e-con e-child\" data-id=\"73df3200\" data-element_type=\"container\">\n\t\t\t\t<div class=\"elementor-element elementor-element-743eef0b elementor-widget elementor-widget-heading\" data-id=\"743eef0b\" data-element_type=\"widget\" data-widget_type=\"heading.default\">\n\t\t\t\t\t<h3 class=\"elementor-heading-title elementor-size-default\">maternidad<\/h3>\t\t\t\t<\/div>\n\t\t\t\t<div class=\"elementor-element elementor-element-79c478c3 elementor-position-top elementor-widget elementor-widget-image-box\" data-id=\"79c478c3\" data-element_type=\"widget\" data-widget_type=\"image-box.default\">\n\t\t\t\t\t<div class=\"elementor-image-box-wrapper\"><figure class=\"elementor-image-box-img\"><img decoding=\"async\" width=\"1600\" height=\"1067\" src=\"https:\/\/clients.josuematosphotographer.com\/wp-content\/uploads\/2026\/03\/fotografo-maternidad-rincon-josue-matos.jpg\" class=\"attachment-full size-full wp-image-4202\" alt=\"Fotografia profesional de maternidad en Rincon, Puerto Rico, capturada por Josue Matos Photographer\" srcset=\"https:\/\/clients.josuematosphotographer.com\/wp-content\/uploads\/2026\/03\/fotografo-maternidad-rincon-josue-matos.jpg 1600w, https:\/\/clients.josuematosphotographer.com\/wp-content\/uploads\/2026\/03\/fotografo-maternidad-rincon-josue-matos-300x200.jpg 300w, https:\/\/clients.josuematosphotographer.com\/wp-content\/uploads\/2026\/03\/fotografo-maternidad-rincon-josue-matos-1024x683.jpg 1024w, https:\/\/clients.josuematosphotographer.com\/wp-content\/uploads\/2026\/03\/fotografo-maternidad-rincon-josue-matos-768x512.jpg 768w, https:\/\/clients.josuematosphotographer.com\/wp-content\/uploads\/2026\/03\/fotografo-maternidad-rincon-josue-matos-1536x1024.jpg 1536w, https:\/\/clients.josuematosphotographer.com\/wp-content\/uploads\/2026\/03\/fotografo-maternidad-rincon-josue-matos-400x267.jpg 400w, https:\/\/clients.josuematosphotographer.com\/wp-content\/uploads\/2026\/03\/fotografo-maternidad-rincon-josue-matos-1200x800.jpg 1200w\" sizes=\"(max-width: 1600px) 100vw, 1600px\" \/><\/figure><div class=\"elementor-image-box-content\"><p class=\"elementor-image-box-description\">El c\u00edrculo se completa con la espera m\u00e1s dulce. Preservamos la esencia de la vida misma y la belleza de un nuevo comienzo, honrando el legado de amor que comenz\u00f3 con un 's\u00ed' y hoy late con fuerza.<\/p><\/div><\/div>\t\t\t\t<\/div>\n\t\t\t\t<\/div>\n\t\t\t\t<\/div>\n\t\t\t\t\t<\/div>\n\t\t\t\t<\/div>\n\t\t<div class=\"elementor-element elementor-element-3721632 e-flex e-con-boxed e-con e-parent\" data-id=\"3721632\" data-element_type=\"container\">\n\t\t\t\t\t<div class=\"e-con-inner\">\n\t\t\t\t<div class=\"elementor-element elementor-element-1d99fa6 elementor-widget__width-initial elementor-widget elementor-widget-text-editor\" data-id=\"1d99fa6\" data-element_type=\"widget\" data-widget_type=\"text-editor.default\">\n\t\t\t\t\t\t\t\t\t<p>Mi camino en la fotograf\u00eda comenz\u00f3 hace m\u00e1s de una d\u00e9cada, dando mis primeros pasos como asistente. Esa base fue fundamental para entender que una gran imagen nace de la preparaci\u00f3n y la humildad. Con el tiempo, adquir\u00ed mi primera c\u00e1mara y transform\u00e9 esa curiosidad en una profesi\u00f3n que hoy es mi vida. Como especialista en Sistemas de Informaci\u00f3n, combino la precisi\u00f3n t\u00e9cnica y el uso de herramientas de vanguardia con mi sensibilidad art\u00edstica. Para m\u00ed, la fotograf\u00eda no es solo apretar un bot\u00f3n; es integrar mi pasi\u00f3n por la naturaleza con la documentaci\u00f3n de momentos humanos, garantizando un flujo de trabajo enfocado y un resultado de calidad superior. Mi meta principal en cada sesi\u00f3n en cualquier rinc\u00f3n de Puerto Rico, es que te sientas c\u00f3modo y en confianza. T\u00fa mereces un servicio donde la excelencia t\u00e9cnica y la calidez humana se unan para preservar tus recuerdos m\u00e1s valiosos.<\/p>\t\t\t\t\t\t\t\t<\/div>\n\t\t\t\t<div class=\"elementor-element elementor-element-52b4b22 elementor-widget elementor-widget-image\" data-id=\"52b4b22\" data-element_type=\"widget\" data-widget_type=\"image.default\">\n\t\t\t\t\t\t\t\t\t\t\t\t\t\t\t<img loading=\"lazy\" decoding=\"async\" width=\"687\" height=\"1024\" src=\"https:\/\/clients.josuematosphotographer.com\/wp-content\/uploads\/2026\/03\/josue-matos-photographer-studio-sample-photo-mayaguez-687x1024.jpg\" class=\"attachment-large size-large wp-image-4258\" alt=\"Josue Matos Photographer, fotografo profesional, bodas, quincea\u00f1eros, Aguada, Mayaguez\" srcset=\"https:\/\/clients.josuematosphotographer.com\/wp-content\/uploads\/2026\/03\/josue-matos-photographer-studio-sample-photo-mayaguez-687x1024.jpg 687w, https:\/\/clients.josuematosphotographer.com\/wp-content\/uploads\/2026\/03\/josue-matos-photographer-studio-sample-photo-mayaguez-201x300.jpg 201w, https:\/\/clients.josuematosphotographer.com\/wp-content\/uploads\/2026\/03\/josue-matos-photographer-studio-sample-photo-mayaguez-768x1145.jpg 768w, https:\/\/clients.josuematosphotographer.com\/wp-content\/uploads\/2026\/03\/josue-matos-photographer-studio-sample-photo-mayaguez-1030x1536.jpg 1030w, https:\/\/clients.josuematosphotographer.com\/wp-content\/uploads\/2026\/03\/josue-matos-photographer-studio-sample-photo-mayaguez-1374x2048.jpg 1374w, https:\/\/clients.josuematosphotographer.com\/wp-content\/uploads\/2026\/03\/josue-matos-photographer-studio-sample-photo-mayaguez-268x400.jpg 268w, https:\/\/clients.josuematosphotographer.com\/wp-content\/uploads\/2026\/03\/josue-matos-photographer-studio-sample-photo-mayaguez-805x1200.jpg 805w, https:\/\/clients.josuematosphotographer.com\/wp-content\/uploads\/2026\/03\/josue-matos-photographer-studio-sample-photo-mayaguez.jpg 1696w\" sizes=\"(max-width: 687px) 100vw, 687px\" \/>\t\t\t\t\t\t\t\t\t\t\t\t\t\t\t<\/div>\n\t\t\t\t\t<\/div>\n\t\t\t\t<\/div>\n\t\t<div class=\"elementor-element elementor-element-1769d9b e-flex e-con-boxed e-con e-parent\" data-id=\"1769d9b\" data-element_type=\"container\">\n\t\t\t\t\t<div class=\"e-con-inner\">\n\t\t\t\t<div class=\"elementor-element elementor-element-577c6eb elementor-align-center elementor-widget elementor-widget-button\" data-id=\"577c6eb\" data-element_type=\"widget\" data-widget_type=\"button.default\">\n\t\t\t\t\t\t\t\t\t\t<a class=\"elementor-button elementor-button-link elementor-size-sm\" href=\"https:\/\/wa.me\/17875460582?text=Hola%20Josue,%20vi%20tu%20web%20y%20me%20gustar\u00eda%20cotizar%20mi%20fecha\" target=\"_blank\">\n\t\t\t\t\t\t<span class=\"elementor-button-content-wrapper\">\n\t\t\t\t\t\t\t\t\t<span class=\"elementor-button-text\">Cotizar Ahora<\/span>\n\t\t\t\t\t<\/span>\n\t\t\t\t\t<\/a>\n\t\t\t\t\t\t\t\t<\/div>\n\t\t\t\t\t<\/div>\n\t\t\t\t<\/div>\n\t\t<div class=\"elementor-element elementor-element-e0f542e e-flex e-con-boxed e-con e-parent\" data-id=\"e0f542e\" data-element_type=\"container\">\n\t\t\t\t\t<div class=\"e-con-inner\">\n\t\t\t\t\t<\/div>\n\t\t\t\t<\/div>\n\t\t\t\t<\/div>\n\t\t","protected":false},"excerpt":{"rendered":"<p>Josue matos PHOTOGRAPHER Quincea\u00f1eras La vida florece y los sue\u00f1os crecen. Inmortalizamos la magia de la juventud y la alegr\u00eda de celebrar un camino lleno de ilusiones, transformando cada detalle de este gran d\u00eda en un recuerdo que durar\u00e1 para siempre. Bodas Documentamos el d\u00eda en que dos historias se unen para formar una nueva, [&hellip;]<\/p>\n","protected":false},"author":1,"featured_media":0,"parent":0,"menu_order":0,"comment_status":"closed","ping_status":"closed","template":"elementor_canvas","meta":{"om_disable_all_campaigns":false,"_monsterinsights_skip_tracking":false,"_monsterinsights_sitenote_active":false,"_monsterinsights_sitenote_note":"","_monsterinsights_sitenote_category":0,"footnotes":""},"class_list":["post-4178","page","type-page","status-publish","hentry"],"aioseo_notices":[],"_links":{"self":[{"href":"https:\/\/clients.josuematosphotographer.com\/index.php\/wp-json\/wp\/v2\/pages\/4178","targetHints":{"allow":["GET"]}}],"collection":[{"href":"https:\/\/clients.josuematosphotographer.com\/index.php\/wp-json\/wp\/v2\/pages"}],"about":[{"href":"https:\/\/clients.josuematosphotographer.com\/index.php\/wp-json\/wp\/v2\/types\/page"}],"author":[{"embeddable":true,"href":"https:\/\/clients.josuematosphotographer.com\/index.php\/wp-json\/wp\/v2\/users\/1"}],"replies":[{"embeddable":true,"href":"https:\/\/clients.josuematosphotographer.com\/index.php\/wp-json\/wp\/v2\/comments?post=4178"}],"version-history":[{"count":92,"href":"https:\/\/clients.josuematosphotographer.com\/index.php\/wp-json\/wp\/v2\/pages\/4178\/revisions"}],"predecessor-version":[{"id":4298,"href":"https:\/\/clients.josuematosphotographer.com\/index.php\/wp-json\/wp\/v2\/pages\/4178\/revisions\/4298"}],"wp:attachment":[{"href":"https:\/\/clients.josuematosphotographer.com\/index.php\/wp-json\/wp\/v2\/media?parent=4178"}],"curies":[{"name":"wp","href":"https:\/\/api.w.org\/{rel}","templated":true}]}}